{"id":306,"date":"2018-07-06T11:38:33","date_gmt":"2018-07-06T11:38:33","guid":{"rendered":"http:\/\/www.deltamossel.com\/over-ons\/"},"modified":"2018-07-27T08:32:35","modified_gmt":"2018-07-27T08:32:35","slug":"ueber-uns","status":"publish","type":"page","link":"https:\/\/www.deltamossel.com\/de\/ueber-uns\/","title":{"rendered":"\u00dcber uns"},"content":{"rendered":"<p>Delta Mossel B.V. in Yerseke bildet das Herzst\u00fcck der Delta-Gruppe, zu der auch die F\u00f6hrermuscheln GmbH, Delta Ostrea B.V. und verschiedene Muschel- und Austernzuchtbetriebe geh\u00f6ren. Delta Mossel wurde 1978 gegr\u00fcndet. In mehr als 30 Jahren ist Delta Mossel vom kleinen Familienbetrieb in Yerseke zu einem der gr\u00f6\u00dften Muschel- und Austernlieferanten in Europa gewachsen. Das Unternehmen verf\u00fcgt \u00fcber ein modernes Produktionszentrum direkt an der Oosterschelde in Yerseke.<\/p>\n<p>Ausgestattet mit allen erdenklichen Einrichtungen hat Delta Mossel nur ein Ziel: eine breite Spektrum von Produkten mit garantierter Frische und Qualit\u00e4t zu liefern und zu entwickeln.<\/p>\n<p><iframe src=\"https:\/\/www.youtube.com\/embed\/QgagF6pq-8A\" width=\"100%\" height=\"480\" frameborder=\"0\" allowfullscreen=\"allowfullscreen\"><\/iframe><\/p>\n","protected":false},"excerpt":{"rendered":"<p>Delta Mossel B.V. in Yerseke bildet das Herzst\u00fcck der Delta-Gruppe, zu der auch die F\u00f6hrermuscheln GmbH, Delta Ostrea B.V. und verschiedene Muschel- und Austernzuchtbetriebe geh\u00f6ren. Delta Mossel wurde 1978 gegr\u00fcndet. In mehr als 30 Jahren ist Delta Mossel vom kleinen Familienbetrieb in Yerseke zu einem der gr\u00f6\u00dften Muschel- und Austernlieferanten in Europa gewachsen. Das Unternehmen [&hellip;]<\/p>\n","protected":false},"author":1,"featured_media":0,"parent":0,"menu_order":0,"comment_status":"closed","ping_status":"closed","template":"","meta":{"footnotes":""},"_links":{"self":[{"href":"https:\/\/www.deltamossel.com\/de\/wp-json\/wp\/v2\/pages\/306"}],"collection":[{"href":"https:\/\/www.deltamossel.com\/de\/wp-json\/wp\/v2\/pages"}],"about":[{"href":"https:\/\/www.deltamossel.com\/de\/wp-json\/wp\/v2\/types\/page"}],"author":[{"embeddable":true,"href":"https:\/\/www.deltamossel.com\/de\/wp-json\/wp\/v2\/users\/1"}],"replies":[{"embeddable":true,"href":"https:\/\/www.deltamossel.com\/de\/wp-json\/wp\/v2\/comments?post=306"}],"version-history":[{"count":0,"href":"https:\/\/www.deltamossel.com\/de\/wp-json\/wp\/v2\/pages\/306\/revisions"}],"wp:attachment":[{"href":"https:\/\/www.deltamossel.com\/de\/wp-json\/wp\/v2\/media?parent=306"}],"curies":[{"name":"wp","href":"https:\/\/api.w.org\/{rel}","templated":true}]}}