{"id":297,"date":"2018-07-06T11:38:26","date_gmt":"2018-07-06T11:38:26","guid":{"rendered":"http:\/\/www.deltamossel.com\/welkom\/"},"modified":"2018-07-27T09:32:47","modified_gmt":"2018-07-27T09:32:47","slug":"welkom","status":"publish","type":"page","link":"https:\/\/www.deltamossel.com\/fr\/","title":{"rendered":"Welkom"},"content":{"rendered":"<p>Qui dit \u00ab\u00a0moules\u00a0\u00bb, dit \u00ab\u00a0Delta Mossel\u00a0\u00bb. Delta Mossel est un important fournisseur de moules et d&rsquo;hu\u00eetres en Europe. Delta Mossel dispose d&rsquo;une usine \u00e0 la pointe de la technologie qui nous permet de livrer des moules et des hu\u00eetres de qualit\u00e9 garantie. Delta a construit et renforc\u00e9 sa position au fil des ans. Nos ann\u00e9es d&rsquo;exp\u00e9rience et d&rsquo;expertise dans le domaine de la capture de moules et d&rsquo;hu\u00eetres et de leur traitement constituent une excellente base pour de meilleures m\u00e9thodes de production et des innovations de produits.<\/p>\n<p>En plus des moules et des hu\u00eetres, Delta Mossel offre un large assortiment de crustac\u00e9s, de crustac\u00e9s, de homards et de l\u00e9gumes marins. Tous nos produits sont frais du jour. Gr\u00e2ce aux techniques de refroidissement les plus modernes et \u00e0 une logistique sophistiqu\u00e9e, la fra\u00eecheur et la qualit\u00e9 de nos produits sont garanties au cours de leur transport.<\/p>\n","protected":false},"excerpt":{"rendered":"<p>Qui dit \u00ab\u00a0moules\u00a0\u00bb, dit \u00ab\u00a0Delta Mossel\u00a0\u00bb. Delta Mossel est un important fournisseur de moules et d&rsquo;hu\u00eetres en Europe. Delta Mossel dispose d&rsquo;une usine \u00e0 la pointe de la technologie qui nous permet de livrer des moules et des hu\u00eetres de qualit\u00e9 garantie. Delta a construit et renforc\u00e9 sa position au fil des ans. Nos ann\u00e9es [&hellip;]<\/p>\n","protected":false},"author":1,"featured_media":0,"parent":0,"menu_order":0,"comment_status":"closed","ping_status":"closed","template":"","meta":{"footnotes":""},"_links":{"self":[{"href":"https:\/\/www.deltamossel.com\/fr\/wp-json\/wp\/v2\/pages\/297"}],"collection":[{"href":"https:\/\/www.deltamossel.com\/fr\/wp-json\/wp\/v2\/pages"}],"about":[{"href":"https:\/\/www.deltamossel.com\/fr\/wp-json\/wp\/v2\/types\/page"}],"author":[{"embeddable":true,"href":"https:\/\/www.deltamossel.com\/fr\/wp-json\/wp\/v2\/users\/1"}],"replies":[{"embeddable":true,"href":"https:\/\/www.deltamossel.com\/fr\/wp-json\/wp\/v2\/comments?post=297"}],"version-history":[{"count":0,"href":"https:\/\/www.deltamossel.com\/fr\/wp-json\/wp\/v2\/pages\/297\/revisions"}],"wp:attachment":[{"href":"https:\/\/www.deltamossel.com\/fr\/wp-json\/wp\/v2\/media?parent=297"}],"curies":[{"name":"wp","href":"https:\/\/api.w.org\/{rel}","templated":true}]}}