{"id":304,"date":"2018-07-06T11:38:33","date_gmt":"2018-07-06T11:38:33","guid":{"rendered":"http:\/\/www.deltamossel.com\/over-ons\/"},"modified":"2018-07-27T08:32:28","modified_gmt":"2018-07-27T08:32:28","slug":"a-propos-de-nous","status":"publish","type":"page","link":"https:\/\/www.deltamossel.com\/fr\/a-propos-de-nous\/","title":{"rendered":"\u00c0 propos de nous"},"content":{"rendered":"<p>Delta Mossel B.V. situ\u00e9e \u00e0 Yerseke constitue le c\u0153ur du groupe Delta, qui comprend \u00e9galement Fuhrermuscheln GMBH, \u00a0Delta Ostrea B.V. et diff\u00e9rentes entreprises d&rsquo;\u00e9levage de moules et d&rsquo;hu\u00eetres. Delta Mossel a \u00e9t\u00e9 fond\u00e9e en 1978. En plus de 30 ans, Delta Mossel s&rsquo;est d\u00e9velopp\u00e9e progressivement d&rsquo;une petite entreprise familiale \u00e0 Yerseke \u00e0 l&rsquo;un des plus grands fournisseurs de moules et d&rsquo;hu\u00eetres en Europe. La soci\u00e9t\u00e9 dispose d&rsquo;un centre de production moderne situ\u00e9 directement sur l&rsquo;Oosterschelde \u00e0 Yerseke.<\/p>\n<p>Equip\u00e9 de toutes les facilit\u00e9s imaginables, Delta Mossel n&rsquo;a qu&rsquo;un objectif: fournir et d\u00e9velopper une large gamme de produits d\u2019une fra\u00eecheur et d\u2019une qualit\u00e9 garanties.<\/p>\n<p><iframe src=\"https:\/\/www.youtube.com\/embed\/QgagF6pq-8A\" width=\"100%\" height=\"480\" frameborder=\"0\" allowfullscreen=\"allowfullscreen\"><\/iframe><\/p>\n","protected":false},"excerpt":{"rendered":"<p>Delta Mossel B.V. situ\u00e9e \u00e0 Yerseke constitue le c\u0153ur du groupe Delta, qui comprend \u00e9galement Fuhrermuscheln GMBH, \u00a0Delta Ostrea B.V. et diff\u00e9rentes entreprises d&rsquo;\u00e9levage de moules et d&rsquo;hu\u00eetres. Delta Mossel a \u00e9t\u00e9 fond\u00e9e en 1978. En plus de 30 ans, Delta Mossel s&rsquo;est d\u00e9velopp\u00e9e progressivement d&rsquo;une petite entreprise familiale \u00e0 Yerseke \u00e0 l&rsquo;un des plus [&hellip;]<\/p>\n","protected":false},"author":1,"featured_media":0,"parent":0,"menu_order":0,"comment_status":"closed","ping_status":"closed","template":"","meta":{"footnotes":""},"_links":{"self":[{"href":"https:\/\/www.deltamossel.com\/fr\/wp-json\/wp\/v2\/pages\/304"}],"collection":[{"href":"https:\/\/www.deltamossel.com\/fr\/wp-json\/wp\/v2\/pages"}],"about":[{"href":"https:\/\/www.deltamossel.com\/fr\/wp-json\/wp\/v2\/types\/page"}],"author":[{"embeddable":true,"href":"https:\/\/www.deltamossel.com\/fr\/wp-json\/wp\/v2\/users\/1"}],"replies":[{"embeddable":true,"href":"https:\/\/www.deltamossel.com\/fr\/wp-json\/wp\/v2\/comments?post=304"}],"version-history":[{"count":0,"href":"https:\/\/www.deltamossel.com\/fr\/wp-json\/wp\/v2\/pages\/304\/revisions"}],"wp:attachment":[{"href":"https:\/\/www.deltamossel.com\/fr\/wp-json\/wp\/v2\/media?parent=304"}],"curies":[{"name":"wp","href":"https:\/\/api.w.org\/{rel}","templated":true}]}}